{"id":281,"date":"2025-01-17T10:56:04","date_gmt":"2025-01-17T10:56:04","guid":{"rendered":"https:\/\/varosbanzoldben.hu\/?page_id=281"},"modified":"2025-01-17T12:11:41","modified_gmt":"2025-01-17T12:11:41","slug":"oszkert","status":"publish","type":"page","link":"https:\/\/varosbanzoldben.hu\/index.php\/oszkert\/","title":{"rendered":"\u0151szkert"},"content":{"rendered":"<p>[et_pb_section fb_built=&#8221;1&#8243; _builder_version=&#8221;4.27.4&#8243; _module_preset=&#8221;default&#8221; custom_padding=&#8221;||0px|||&#8221; global_colors_info=&#8221;{}&#8221; theme_builder_area=&#8221;post_content&#8221;][et_pb_row _builder_version=&#8221;4.27.4&#8243; _module_preset=&#8221;default&#8221; global_colors_info=&#8221;{}&#8221; theme_builder_area=&#8221;post_content&#8221;][et_pb_column type=&#8221;4_4&#8243; _builder_version=&#8221;4.27.4&#8243; _module_preset=&#8221;default&#8221; global_colors_info=&#8221;{}&#8221; theme_builder_area=&#8221;post_content&#8221;][et_pb_text module_id=&#8221;esemenyek&#8221; module_class=&#8221;esemenyek&#8221; _builder_version=&#8221;4.27.4&#8243; _module_preset=&#8221;default&#8221; text_font=&#8221;Raleway||||||||&#8221; text_text_color=&#8221;#1ca529&#8243; text_font_size=&#8221;45px&#8221; text_line_height=&#8221;1.2em&#8221; hover_enabled=&#8221;0&#8243; text_font_size_tablet=&#8221;61px&#8221; text_font_size_phone=&#8221;35px&#8221; text_font_size_last_edited=&#8221;on|phone&#8221; global_colors_info=&#8221;{}&#8221; theme_builder_area=&#8221;post_content&#8221; sticky_enabled=&#8221;0&#8243;]<\/p>\n<p style=\"text-align: left;\">\u0150SZKERT<\/p>\n<p>[\/et_pb_text][\/et_pb_column][\/et_pb_row][et_pb_row _builder_version=&#8221;4.27.4&#8243; _module_preset=&#8221;default&#8221; global_colors_info=&#8221;{}&#8221; theme_builder_area=&#8221;post_content&#8221;][et_pb_column type=&#8221;4_4&#8243; _builder_version=&#8221;4.27.4&#8243; _module_preset=&#8221;default&#8221; global_colors_info=&#8221;{}&#8221; theme_builder_area=&#8221;post_content&#8221;][et_pb_text _builder_version=&#8221;4.27.4&#8243; _module_preset=&#8221;default&#8221; text_font_size=&#8221;17px&#8221; text_line_height=&#8221;1.8em&#8221; custom_padding=&#8221;||32px|||&#8221; hover_enabled=&#8221;0&#8243; global_colors_info=&#8221;{}&#8221; theme_builder_area=&#8221;post_content&#8221; sticky_enabled=&#8221;0&#8243;]<\/p>\n<p><strong>\u0151szkert \u0150szi Kert\u00e9szeti Napok<\/strong><\/p>\n<p><strong>2025. okt\u00f3ber 10-12.<\/strong><strong>Budapest, <\/strong><\/p>\n<p><strong>1118 Vill\u00e1nyi \u00fat 29-43.<\/strong><\/p>\n<p>Kert\u00e9szetek bel-\u00e9s k\u00fclt\u00e9ri n\u00f6v\u00e9nyk\u00edn\u00e1lata, termel\u0151k, term\u00e9szetk\u00f6zeli diz\u00e1jnerek term\u00e9kei, valamint kert\u00e9szeti el\u0151ad\u00e1sok, tan\u00e1csad\u00e1s, Arbor\u00e9tumi S\u00e9ta, Budai Arbor Biokert l\u00e1togat\u00e1s, a D\u00edszteremben Bonsai Kamara Ki\u00e1ll\u00edt\u00e1s, &#8220;v\u00e1rosi dzsungel&#8221; Szoban\u00f6v\u00e9ny Ki\u00e1ll\u00edt\u00e1s, m\u00e1s n\u00f6v\u00e9nyes \u00e9s gyerekprogramok\u00a0<\/p>\n<p>a r\u00e9szletek\u00e9rt n\u00e9zz ide! www.oszkert.hu<\/p>\n<p>[\/et_pb_text][\/et_pb_column][\/et_pb_row][\/et_pb_section][et_pb_section fb_built=&#8221;1&#8243; _builder_version=&#8221;4.27.4&#8243; _module_preset=&#8221;default&#8221; background_image=&#8221;http:\/\/varosbanzoldben.hu\/wp-content\/uploads\/2025\/01\/oszkertweb-scaled.jpg&#8221; custom_padding=&#8221;0px||304px|||&#8221; hover_enabled=&#8221;0&#8243; global_colors_info=&#8221;{}&#8221; theme_builder_area=&#8221;post_content&#8221; title_text=&#8221;\u0151szkertweb&#8221; sticky_enabled=&#8221;0&#8243;][et_pb_row _builder_version=&#8221;4.27.4&#8243; _module_preset=&#8221;default&#8221; global_colors_info=&#8221;{}&#8221; theme_builder_area=&#8221;post_content&#8221;][et_pb_column type=&#8221;4_4&#8243; _builder_version=&#8221;4.27.4&#8243; _module_preset=&#8221;default&#8221; global_colors_info=&#8221;{}&#8221; theme_builder_area=&#8221;post_content&#8221;][\/et_pb_column][\/et_pb_row][\/et_pb_section]<\/p>\n","protected":false},"excerpt":{"rendered":"<p>\u0150SZKERT\u0151szkert \u0150szi Kert\u00e9szeti Napok 2025. okt\u00f3ber 10-12.Budapest, 1118 Vill\u00e1nyi \u00fat 29-43. Kert\u00e9szetek bel-\u00e9s k\u00fclt\u00e9ri n\u00f6v\u00e9nyk\u00edn\u00e1lata, termel\u0151k, term\u00e9szetk\u00f6zeli diz\u00e1jnerek term\u00e9kei, valamint kert\u00e9szeti el\u0151ad\u00e1sok, tan\u00e1csad\u00e1s, Arbor\u00e9tumi S\u00e9ta, Budai Arbor Biokert l\u00e1togat\u00e1s, a D\u00edszteremben Bonsai Kamara Ki\u00e1ll\u00edt\u00e1s, &#8220;v\u00e1rosi dzsungel&#8221; Szoban\u00f6v\u00e9ny Ki\u00e1ll\u00edt\u00e1s, m\u00e1s n\u00f6v\u00e9nyes \u00e9s gyerekprogramok\u00a0 a r\u00e9szletek\u00e9rt n\u00e9zz ide! www.oszkert.hu<\/p>\n","protected":false},"author":1,"featured_media":0,"parent":0,"menu_order":0,"comment_status":"closed","ping_status":"closed","template":"","meta":{"_et_pb_use_builder":"on","_et_pb_old_content":"<!-- wp:divi\/placeholder \/-->","_et_gb_content_width":"","footnotes":""},"class_list":["post-281","page","type-page","status-publish","hentry"],"_links":{"self":[{"href":"https:\/\/varosbanzoldben.hu\/index.php\/wp-json\/wp\/v2\/pages\/281","targetHints":{"allow":["GET"]}}],"collection":[{"href":"https:\/\/varosbanzoldben.hu\/index.php\/wp-json\/wp\/v2\/pages"}],"about":[{"href":"https:\/\/varosbanzoldben.hu\/index.php\/wp-json\/wp\/v2\/types\/page"}],"author":[{"embeddable":true,"href":"https:\/\/varosbanzoldben.hu\/index.php\/wp-json\/wp\/v2\/users\/1"}],"replies":[{"embeddable":true,"href":"https:\/\/varosbanzoldben.hu\/index.php\/wp-json\/wp\/v2\/comments?post=281"}],"version-history":[{"count":3,"href":"https:\/\/varosbanzoldben.hu\/index.php\/wp-json\/wp\/v2\/pages\/281\/revisions"}],"predecessor-version":[{"id":334,"href":"https:\/\/varosbanzoldben.hu\/index.php\/wp-json\/wp\/v2\/pages\/281\/revisions\/334"}],"wp:attachment":[{"href":"https:\/\/varosbanzoldben.hu\/index.php\/wp-json\/wp\/v2\/media?parent=281"}],"curies":[{"name":"wp","href":"https:\/\/api.w.org\/{rel}","templated":true}]}}