{"id":290,"date":"2025-01-17T11:00:29","date_gmt":"2025-01-17T11:00:29","guid":{"rendered":"https:\/\/varosbanzoldben.hu\/?page_id=290"},"modified":"2025-01-17T12:12:56","modified_gmt":"2025-01-17T12:12:56","slug":"kapcsolat","status":"publish","type":"page","link":"https:\/\/varosbanzoldben.hu\/index.php\/kapcsolat\/","title":{"rendered":"KAPCSOLAT"},"content":{"rendered":"<p>[et_pb_section fb_built=&#8221;1&#8243; _builder_version=&#8221;4.27.4&#8243; _module_preset=&#8221;default&#8221; global_colors_info=&#8221;{}&#8221; theme_builder_area=&#8221;post_content&#8221;][et_pb_row use_custom_gutter=&#8221;on&#8221; gutter_width=&#8221;2&#8243; _builder_version=&#8221;4.27.4&#8243; _module_preset=&#8221;default&#8221; global_colors_info=&#8221;{}&#8221; theme_builder_area=&#8221;post_content&#8221;][et_pb_column type=&#8221;4_4&#8243; _builder_version=&#8221;4.27.4&#8243; _module_preset=&#8221;default&#8221; global_colors_info=&#8221;{}&#8221; theme_builder_area=&#8221;post_content&#8221;][et_pb_text module_id=&#8221;esemenyek&#8221; module_class=&#8221;esemenyek&#8221; _builder_version=&#8221;4.27.4&#8243; _module_preset=&#8221;default&#8221; text_font=&#8221;Raleway||||||||&#8221; text_text_color=&#8221;#1ca529&#8243; text_font_size=&#8221;45px&#8221; text_line_height=&#8221;1.2em&#8221; hover_enabled=&#8221;0&#8243; text_font_size_tablet=&#8221;61px&#8221; text_font_size_phone=&#8221;35px&#8221; text_font_size_last_edited=&#8221;on|phone&#8221; global_colors_info=&#8221;{}&#8221; theme_builder_area=&#8221;post_content&#8221; sticky_enabled=&#8221;0&#8243;]<\/p>\n<p>KAPCSOLAT<\/p>\n<p>[\/et_pb_text][et_pb_text _builder_version=&#8221;4.23&#8243; _module_preset=&#8221;default&#8221; text_font=&#8221;Raleway||||||||&#8221; text_font_size=&#8221;22px&#8221; text_line_height=&#8221;1.6em&#8221; custom_margin=&#8221;30px||30px|||&#8221; custom_padding=&#8221;||13px|||&#8221; text_font_size_tablet=&#8221;29px&#8221; text_font_size_phone=&#8221;24px&#8221; text_font_size_last_edited=&#8221;on|phone&#8221; global_colors_info=&#8221;{}&#8221; theme_builder_area=&#8221;post_content&#8221;]<\/p>\n<p><strong>n\u00f6v\u00e9ny, gasztron\u00f3mia, nat\u00far kozmetikumok, <br \/>term\u00e9szetes diz\u00e1jn term\u00e9kek<\/strong><span>\u00a0<br \/><\/span>Ki\u00e1ll\u00edt\u00f3k, \u00e1rus\u00edt\u00f3k jelentkez\u00e9s\u00e9t \u00f6r\u00f6mmel fogadjuk n\u00e9h\u00e1ny soros bemutatkoz\u00f3, fot\u00f3k \u00e9s el\u00e9rhet\u0151s\u00e9gek megjel\u00f6l\u00e9s\u00e9vel a <a href=\"mailto:kiskertpiac@gmail.com,\">kiskertpiac@gmail.com<\/a> e-mail c\u00edmen, <br \/>illetve 06 30 343 1853 telefonsz\u00e1mon.<\/p>\n<p><strong>tavaszkert<br \/>D\u00edszn\u00f6v\u00e9ny Szakki\u00e1ll\u00edt\u00e1s \u00e9s V\u00e1s\u00e1r<br \/><span> <\/span><\/strong><a href=\"mailto:tavaszkert@gmail.com\">tavaszkert@gmail.com<\/a><\/p>\n<p><strong>\u0151szkert<br \/>\u0150szi Kert\u00e9szeti Napok<br \/><span> <\/span><\/strong><a href=\"mailto:tavaszkert@gmail.com\">tavaszkert@gmail.com<\/a><\/p>\n<p><strong>Paradicsom Projekt\u00a0<\/strong><br \/><a href=\"mailto:kiskertpiac@gmail.com\">kiskertpiac@gmail.com<\/a><\/p>\n<p>[\/et_pb_text][\/et_pb_column][\/et_pb_row][\/et_pb_section]<\/p>\n","protected":false},"excerpt":{"rendered":"<p>KAPCSOLATn\u00f6v\u00e9ny, gasztron\u00f3mia, nat\u00far kozmetikumok, term\u00e9szetes diz\u00e1jn term\u00e9kek\u00a0Ki\u00e1ll\u00edt\u00f3k, \u00e1rus\u00edt\u00f3k jelentkez\u00e9s\u00e9t \u00f6r\u00f6mmel fogadjuk n\u00e9h\u00e1ny soros bemutatkoz\u00f3, fot\u00f3k \u00e9s el\u00e9rhet\u0151s\u00e9gek megjel\u00f6l\u00e9s\u00e9vel a kiskertpiac@gmail.com e-mail c\u00edmen, illetve 06 30 343 1853 telefonsz\u00e1mon. tavaszkertD\u00edszn\u00f6v\u00e9ny Szakki\u00e1ll\u00edt\u00e1s \u00e9s V\u00e1s\u00e1r tavaszkert@gmail.com \u0151szkert\u0150szi Kert\u00e9szeti Napok tavaszkert@gmail.com Paradicsom Projekt\u00a0kiskertpiac@gmail.com<\/p>\n","protected":false},"author":1,"featured_media":0,"parent":0,"menu_order":0,"comment_status":"closed","ping_status":"closed","template":"","meta":{"_et_pb_use_builder":"on","_et_pb_old_content":"<!-- wp:divi\/placeholder \/-->","_et_gb_content_width":"","footnotes":""},"class_list":["post-290","page","type-page","status-publish","hentry"],"_links":{"self":[{"href":"https:\/\/varosbanzoldben.hu\/index.php\/wp-json\/wp\/v2\/pages\/290","targetHints":{"allow":["GET"]}}],"collection":[{"href":"https:\/\/varosbanzoldben.hu\/index.php\/wp-json\/wp\/v2\/pages"}],"about":[{"href":"https:\/\/varosbanzoldben.hu\/index.php\/wp-json\/wp\/v2\/types\/page"}],"author":[{"embeddable":true,"href":"https:\/\/varosbanzoldben.hu\/index.php\/wp-json\/wp\/v2\/users\/1"}],"replies":[{"embeddable":true,"href":"https:\/\/varosbanzoldben.hu\/index.php\/wp-json\/wp\/v2\/comments?post=290"}],"version-history":[{"count":3,"href":"https:\/\/varosbanzoldben.hu\/index.php\/wp-json\/wp\/v2\/pages\/290\/revisions"}],"predecessor-version":[{"id":336,"href":"https:\/\/varosbanzoldben.hu\/index.php\/wp-json\/wp\/v2\/pages\/290\/revisions\/336"}],"wp:attachment":[{"href":"https:\/\/varosbanzoldben.hu\/index.php\/wp-json\/wp\/v2\/media?parent=290"}],"curies":[{"name":"wp","href":"https:\/\/api.w.org\/{rel}","templated":true}]}}